{"id":2196,"date":"2019-06-13T19:18:40","date_gmt":"2019-06-13T19:18:40","guid":{"rendered":"https:\/\/dzpresevo.org\/rs\/?page_id=2196"},"modified":"2025-07-31T10:31:13","modified_gmt":"2025-07-31T10:31:13","slug":"lekari","status":"publish","type":"page","link":"https:\/\/dzpresevo.org\/rs\/lekari\/","title":{"rendered":"O nama"},"content":{"rendered":"<blockquote><p><a href=\"https:\/\/dzpresevo.org\/rs\/wp-content\/uploads\/2022\/09\/Informator-o-radu.pdf\"><em><strong>Informator o radu<\/strong><\/em><\/a><\/p><\/blockquote>\n<blockquote><p><strong><em>Zakon o radu<\/em><\/strong><\/p>\n<p>&nbsp;<\/p><\/blockquote>\n<p><strong><em>ADMINISTR<\/em>ATIVNA SLU\u017dBA<\/strong><\/p>\n<p><strong>\u00a0 \u00a0 \u00a0 \u00a0 \u00a0 <\/strong><strong>Boban Spasi\u0107 &#8211; Direktor<\/strong><\/p>\n<ul>\n<li><strong>Bekim Ajdini\u00a0 &#8211; Pravnik<\/strong><\/li>\n<li><strong>Besnik Sadiku &#8211; \u0161ef ra\u010dunovodje<\/strong><\/li>\n<\/ul>\n<blockquote><p><strong>SLU\u017dBA ZA Z.Z \u017dENA<\/strong><\/p><\/blockquote>\n<ul>\n<li>Dr. Driton Mustafa (\u0161ef slu\u017ebe)<\/li>\n<li>Dr Xhejlane Ferati<\/li>\n<li>Dr. Remzije Beri\u0161a<\/li>\n<\/ul>\n<blockquote><p><strong>VANBOLNI\u010cKO PORODILI\u0160TE<\/strong><\/p><\/blockquote>\n<ul>\n<li>Dr. Arta Selimi<\/li>\n<\/ul>\n<blockquote><p><strong>KONSULTATIVNA SLU\u017dBA<\/strong><\/p><\/blockquote>\n<p>INTERNO<\/p>\n<ul>\n<li>Dr Boban Spasi\u0107<\/li>\n<\/ul>\n<p>PSIHIJATAR<\/p>\n<ul>\n<li>Dr. Fejzulla Nebiu<\/li>\n<\/ul>\n<p>OFTAMOLOGIJA<\/p>\n<ul>\n<li>Dr. Avni Nuhiu<\/li>\n<\/ul>\n<p>OTORINOLARINGOLOGIJA<\/p>\n<ul>\n<li>Dr.Beqir Abazi<\/li>\n<\/ul>\n<p>DERMATOVENEROLOGIJA<\/p>\n<ul>\n<li>Dr. Eshref Aliu<\/li>\n<\/ul>\n<p>&nbsp;<\/p>\n<p><strong>HMP SLU\u017dBA<\/strong><\/p>\n<ul>\n<li>Dr. Ali Aliu (\u0161ef slu\u017ebe)<\/li>\n<li>Dr. Shenasi Abduli<\/li>\n<li>Dr. Ylber Islami<\/li>\n<li>Dr. Agim Sabedini<\/li>\n<li>Dr. Tanja Krsti\u0107<\/li>\n<\/ul>\n<p>&nbsp;<\/p>\n<blockquote><p><strong>\u00a0 \u00a0 \u00a0 \u00a0 \u00a0 OP\u0160TA PRAKSA<\/strong><\/p><\/blockquote>\n<ul>\n<li>Dr. Astrit Beri\u0161a (\u0161ef slu\u017ebe)<\/li>\n<li>Dr. Kadrije Ahmedi<\/li>\n<li>Dr. Saime Isufi<\/li>\n<li>Dr. Lumnije Ramadani<\/li>\n<li>Dr. Liri Sadiku<\/li>\n<li>Dr. Fitore Sadiku<\/li>\n<li>Dr. Diana Lena<\/li>\n<li>Dr. Be\u0107ir Nihiu<\/li>\n<li>Dr. Flakron Sabedini<\/li>\n<li>Dr. Nerimane Sylejmani<\/li>\n<\/ul>\n<p><strong>LABORATORIJA<\/strong><\/p>\n<ul>\n<li>Dr. Suzana Krti\u0107<\/li>\n<\/ul>\n<p><strong>KU\u0106NO LE\u010cENJE<\/strong><\/p>\n<ul>\n<li>Dr. Ze\u0107irja Destani<\/li>\n<\/ul>\n<blockquote><p>\u00a0 \u00a0 <strong>\u00a0PEDIATRIJSKA SLU\u017dBA<\/strong><\/p><\/blockquote>\n<ul>\n<li>Dr. Ridvan Tahiri<\/li>\n<li>Dr. Flutra Hiseni<\/li>\n<li>Dr. Besim Abduli<\/li>\n<li>Dr. Fatlum Aliu<\/li>\n<li>Dr. Luan Limani<\/li>\n<\/ul>\n<p><strong>STOMATOLOGIJA<\/strong><\/p>\n<ul>\n<li>Dr. Ramil Azizi (\u0161ef slu\u017ebe)<\/li>\n<li>Dr. Driton Salihu<\/li>\n<li>Dr. Sabit Miftari<\/li>\n<li>Dr. Abdurrahim Azizi<\/li>\n<li>Dr. Ryve Azizi<\/li>\n<li>Dr. Latif Hafizi<\/li>\n<li>Dr. Gjelbrim Behluli<\/li>\n<li>Dr. Hilmi Islami<\/li>\n<li>Dr. Gjynsher Haziri<\/li>\n<\/ul>\n<p><strong>Lekari koji su na specijalizaciju<\/strong><\/p>\n<ul>\n<li>Dr. Arbenita Bekta\u0161i ( RTG)<\/li>\n<li>Dr. Muhamer\u00a0 Daliu (Oftalmogija)<\/li>\n<li>Dr. Premtim Salihu (Opsta medicina)<\/li>\n<li>Dr. Ardijan Jusufi (Opsta medicina)<\/li>\n<li>Dr. Edvig Sahiti (Pedijatrija)<\/li>\n<li>Dr. Stefan Ne\u0161i\u0107 (Interno)<\/li>\n<li>Dr. Desaret Murati (ORL)<\/li>\n<li>Dr. Tanja Markovi\u0107 (Pedijatrija)<\/li>\n<li>Dr.\u00a0 Valon Ymeri (De\u010dja stomatologija)<\/li>\n<\/ul>\n","protected":false},"excerpt":{"rendered":"<p>Informator o radu Zakon o radu &nbsp; ADMINISTRATIVNA SLU\u017dBA \u00a0 \u00a0 \u00a0 \u00a0 \u00a0 Boban Spasi\u0107 &#8211; Direktor Bekim Ajdini\u00a0 &#8211; Pravnik Besnik Sadiku &#8211; \u0161ef ra\u010dunovodje SLU\u017dBA ZA Z.Z \u017dENA Dr. Driton Mustafa (\u0161ef slu\u017ebe) Dr Xhejlane Ferati Dr. Remzije Beri\u0161a VANBOLNI\u010cKO PORODILI\u0160TE Dr. Arta Selimi KONSULTATIVNA SLU\u017dBA INTERNO Dr Boban Spasi\u0107 PSIHIJATAR Dr. [&hellip;]<\/p>\n","protected":false},"author":4,"featured_media":0,"parent":0,"menu_order":0,"comment_status":"closed","ping_status":"closed","template":"","meta":{"footnotes":""},"class_list":["post-2196","page","type-page","status-publish","hentry"],"_links":{"self":[{"href":"https:\/\/dzpresevo.org\/rs\/wp-json\/wp\/v2\/pages\/2196","targetHints":{"allow":["GET"]}}],"collection":[{"href":"https:\/\/dzpresevo.org\/rs\/wp-json\/wp\/v2\/pages"}],"about":[{"href":"https:\/\/dzpresevo.org\/rs\/wp-json\/wp\/v2\/types\/page"}],"author":[{"embeddable":true,"href":"https:\/\/dzpresevo.org\/rs\/wp-json\/wp\/v2\/users\/4"}],"replies":[{"embeddable":true,"href":"https:\/\/dzpresevo.org\/rs\/wp-json\/wp\/v2\/comments?post=2196"}],"version-history":[{"count":32,"href":"https:\/\/dzpresevo.org\/rs\/wp-json\/wp\/v2\/pages\/2196\/revisions"}],"predecessor-version":[{"id":3681,"href":"https:\/\/dzpresevo.org\/rs\/wp-json\/wp\/v2\/pages\/2196\/revisions\/3681"}],"wp:attachment":[{"href":"https:\/\/dzpresevo.org\/rs\/wp-json\/wp\/v2\/media?parent=2196"}],"curies":[{"name":"wp","href":"https:\/\/api.w.org\/{rel}","templated":true}]}}